{"id":2967,"date":"2024-06-09T15:02:14","date_gmt":"2024-06-09T13:02:14","guid":{"rendered":"https:\/\/domiciliostunja.org\/?page_id=2967"},"modified":"2024-08-02T17:45:42","modified_gmt":"2024-08-02T15:45:42","slug":"servicios-2","status":"publish","type":"page","link":"https:\/\/butechco.co\/index.php\/servicios-2\/","title":{"rendered":"Servicios"},"content":{"rendered":"<div class=\"wpb-content-wrapper\"><p>[vc_row][vc_column][vc_custom_heading text=&#8221;Somos confiables.&#8221; font_container=&#8221;tag:h2|text_align:center|color:%23000000&#8243; google_fonts=&#8221;font_family:Roboto%3A100%2C100italic%2C300%2C300italic%2Cregular%2Citalic%2C500%2C500italic%2C700%2C700italic%2C900%2C900italic|font_style:400%20regular%3A400%3Anormal&#8221; css=&#8221;&#8221;][vc_single_image image=&#8221;3263&#8243; img_size=&#8221;full&#8221; alignment=&#8221;center&#8221; css=&#8221;&#8221;][vc_custom_heading text=&#8221;BUTECHCO una compa\u00f1\u00eda que engloba un proyecto, concibe ideas y las ejecuta siempre proporcionando el mejor servicio con calidad garantizada.&#8221; font_container=&#8221;tag:h2|font_size:24|text_align:center|color:%23757575&#8243; google_fonts=&#8221;font_family:Roboto%3A100%2C100italic%2C300%2C300italic%2Cregular%2Citalic%2C500%2C500italic%2C700%2C700italic%2C900%2C900italic|font_style:400%20regular%3A400%3Anormal&#8221; css=&#8221;&#8221;][\/vc_column][\/vc_row][vc_row][vc_column][vc_empty_space][\/vc_column][\/vc_row][vc_row][vc_column css_animation=&#8221;fadeInDown&#8221; width=&#8221;1\/3&#8243;][vc_hoverbox image=&#8221;3299&#8243; primary_title=&#8221;Estudios y dise\u00f1os en ingenier\u00eda civil y arquitectura&#8221; primary_title_font_container=&#8221;font_size:28|color:%23ffd400&#8243; primary_title_google_fonts=&#8221;font_family:Roboto%3A100%2C100italic%2C300%2C300italic%2Cregular%2Citalic%2C500%2C500italic%2C700%2C700italic%2C900%2C900italic|font_style:500%20bold%20regular%3A500%3Anormal&#8221; hover_title=&#8221;&#8221; shape=&#8221;square&#8221; hover_background_color=&#8221;custom&#8221; use_custom_fonts_primary_title=&#8221;true&#8221; hover_custom_background=&#8221;#ffbf00&#8243;]<\/p>\n<h6 style=\"text-align: center;\">Realizamos ingenier\u00eda estructural, arquitectura, dise\u00f1o de redes y estudios geot\u00e9cnicos. Destacamos en las adecuaciones de lobbies, ampliaci\u00f3n de azoteas, adecuaci\u00f3n de estadios, instituciones educativas y edificaciones institucionales.<\/h6>\n<p>[\/vc_hoverbox][\/vc_column][vc_column width=&#8221;1\/3&#8243;][vc_hoverbox image=&#8221;3295&#8243; primary_title=&#8221;Dise\u00f1o y c\u00e1lculo estructural de puentes vehiculares, ferroviarios y peatonales&#8221; primary_title_font_container=&#8221;font_size:28|color:%23ffd400&#8243; primary_title_google_fonts=&#8221;font_family:Roboto%3A100%2C100italic%2C300%2C300italic%2Cregular%2Citalic%2C500%2C500italic%2C700%2C700italic%2C900%2C900italic|font_style:500%20bold%20regular%3A500%3Anormal&#8221; hover_title=&#8221;&#8221; shape=&#8221;square&#8221; hover_background_color=&#8221;custom&#8221; use_custom_fonts_primary_title=&#8221;true&#8221; hover_custom_background=&#8221;#ffbf00&#8243;]<\/p>\n<h6 style=\"text-align: center;\">Dentro de esta tipolog\u00eda de proyectos dise\u00f1amos puentes vehiculares en todo el pa\u00eds, tanto en concreto pre-esforzado como en acero estructural utilizando las \u00faltimas tecnolog\u00edas, como lo son los puentes en voladizos sucesivos, extradosados y en arco.<\/h6>\n<p>[\/vc_hoverbox][\/vc_column][vc_column width=&#8221;1\/3&#8243;][vc_hoverbox image=&#8221;3113&#8243; primary_title=&#8221;Infraestructura, ingenier\u00eda de v\u00edas, repavimentaci\u00f3n, rehabilitaci\u00f3n de carreteras&#8221; primary_title_font_container=&#8221;font_size:26|color:%23ffe100&#8243; primary_title_google_fonts=&#8221;font_family:Roboto%3A100%2C100italic%2C300%2C300italic%2Cregular%2Citalic%2C500%2C500italic%2C700%2C700italic%2C900%2C900italic|font_style:500%20bold%20regular%3A500%3Anormal&#8221; hover_title=&#8221;&#8221; shape=&#8221;square&#8221; hover_background_color=&#8221;custom&#8221; use_custom_fonts_primary_title=&#8221;true&#8221; hover_custom_background=&#8221;#ffbf00&#8243;]<\/p>\n<h6 style=\"text-align: center;\">Adicional a nuestros servicios de dise\u00f1o de puentes, estudios de rehabilitaci\u00f3n de puentes, e interventor\u00edas de obras civiles, incluimos tambi\u00e9n dentro de nuestro portafolio las asesor\u00edas y dise\u00f1os de ingenier\u00eda desarrollados con proyectos de infraestructura dentro de los cuales podemos mostrar amplia experiencia en repavimentaci\u00f3n y rehabilitaci\u00f3n de mallas viales a lo largo del territorio nacional.<\/h6>\n<p>[\/vc_hoverbox][\/vc_column][\/vc_row][vc_row][vc_column width=&#8221;1\/2&#8243;][vc_column_text css=&#8221;&#8221;]<\/p>\n<h3 style=\"text-align: center;\">Cont\u00e1ctanos<\/h3>\n<p style=\"text-align: center;\">\n<p>[\/vc_column_text][vc_icon icon_fontawesome=&#8221;fas fa-address-book&#8221; color=&#8221;custom&#8221; size=&#8221;xl&#8221; align=&#8221;center&#8221; css=&#8221;&#8221; custom_color=&#8221;#ffda23&#8243; link=&#8221;url:https%3A%2F%2Fdomiciliostunja.org%2Findex.php%2Fcontact%2F|title:Contacto|target:_blank&#8221;][\/vc_column][vc_column width=&#8221;1\/2&#8243;][vc_column_text css=&#8221;&#8221;]<\/p>\n<h3 style=\"text-align: center;\">Descarga Nuestro Brochure<\/h3>\n<p style=\"text-align: center;\">\n<p>[\/vc_column_text][vc_icon icon_fontawesome=&#8221;fas fa-file-alt&#8221; color=&#8221;custom&#8221; size=&#8221;xl&#8221; align=&#8221;center&#8221; css=&#8221;&#8221; link=&#8221;url:https%3A%2F%2Fdomiciliostunja.org%2Fwp-content%2Fuploads%2F2024%2F08%2Fbrochure-BUTECHCO.pdf|title:Descarga%20Nuestro%20Brochure|target:_blank&#8221; custom_color=&#8221;#ffda23&#8243;][\/vc_column][\/vc_row][vc_row][vc_column][vc_empty_space][vc_column_text css=&#8221;&#8221;]<\/p>\n<h2 style=\"text-align: center;\">TODOS LOS SERVICIOS<\/h2>\n<p>[\/vc_column_text][vc_empty_space][\/vc_column][\/vc_row][vc_row][vc_column width=&#8221;1\/4&#8243;]<div class=\" fh-icon-box-4 dark-version icon-center\" style=\"background-image: url()\"> <span class=\"fh-icon\"><i class=\"fa fa-bolt\"><\/i><\/span><div class=\"desc\"><h3 class=\"rototex\" style=\"text-align: center;\">Infraestructura El\u00e9ctrica<\/h3>\n<h6 style=\"text-align: center;\">Dise\u00f1o y Construcci\u00f3n de infraestructura El\u00e9ctrica, Iluminaci\u00f3n, Comunicaciones, Seguridad, Aire Acondicionado, Red Contra Incendio y afines.<\/h6>\n<\/div><\/div>[\/vc_column][vc_column width=&#8221;1\/4&#8243;]<div class=\" fh-icon-box-4 dark-version icon-center\" style=\"background-image: url()\"> <span class=\"fh-icon\"><i class=\"fa fa-tint\"><\/i><\/span><div class=\"desc\"><h3 class=\"rototex\" style=\"text-align: center;\">Obras Hidr\u00e1ulicas<\/h3>\n<p>&nbsp;<\/p>\n<h6 style=\"text-align: center;\">Dise\u00f1os de obras hidr\u00e1ulicas y sanitarias, planes maestros de acueducto y alcantarillado y catastro de redes de servicios p\u00fablicos.<\/h6>\n<\/div><\/div>[\/vc_column][vc_column width=&#8221;1\/4&#8243;]<div class=\" fh-icon-box-4 dark-version icon-center\" style=\"background-image: url()\"> <span class=\"fh-icon\"><i class=\"fa fa-get-pocket\"><\/i><\/span><div class=\"desc\"><h3 class=\"rototex\" style=\"text-align: center;\">Acueductos<\/h3>\n<p>&nbsp;<\/p>\n<h6 style=\"text-align: center;\">Acueductos urbanos y rurales. Alcantarillados. Redes de Aguas LLuvias. Estudios de Prefactibilidad y factibilidad.<\/h6>\n<\/div><\/div>[\/vc_column][vc_column width=&#8221;1\/4&#8243;]<div class=\" fh-icon-box-4 dark-version icon-center\" style=\"background-image: url()\"> <span class=\"fh-icon\"><i class=\"fa fa-home\"><\/i><\/span><div class=\"desc\"><h3 class=\"rototex\" style=\"text-align: center;\">Soluciones de Vivienda<\/h3>\n<h6 style=\"text-align: center;\">Desde el dise\u00f1o hasta los acabados. Construimos desde proyectos unifamiliares y de recreo hasta edificios y urbanizaciones.<\/h6>\n<\/div><\/div>[\/vc_column][\/vc_row][vc_section][vc_row][vc_column width=&#8221;1\/4&#8243;]<div class=\" fh-icon-box-4 dark-version icon-center\" style=\"background-image: url()\"> <span class=\"fh-icon\"><i class=\"fa fa-street-view\"><\/i><\/span><div class=\"desc\"><h3 class=\"rototex\" style=\"text-align: center;\">Obras de Urbanismo<\/h3>\n<p>&nbsp;<\/p>\n<h6 style=\"text-align: center;\">Pavimentos, V\u00edas, Replanteos, Parques, Condominio<\/h6>\n<\/div><\/div>[\/vc_column][vc_column width=&#8221;1\/4&#8243;]<div class=\" fh-icon-box-4 dark-version icon-center\" style=\"background-image: url()\"> <span class=\"fh-icon\"><i class=\"fa fa-road\"><\/i><\/span><div class=\"desc\"><h3 class=\"rototex\" style=\"text-align: center;\">Infraestructura Vial<\/h3>\n<p>&nbsp;<\/p>\n<h6 style=\"text-align: center;\">Desde la topograf\u00eda hasta los acabados. Descapote, Pavimentos, Adoquines, Andenes, Excavaciones<\/h6>\n<\/div><\/div>[\/vc_column][vc_column width=&#8221;1\/4&#8243;]<div class=\" fh-icon-box-4 dark-version icon-center\" style=\"background-image: url()\"> <span class=\"fh-icon\"><i class=\"fa fa-feed\"><\/i><\/span><div class=\"desc\"><h3 class=\"rototex\" style=\"text-align: center;\">Estructuras de Telecomunicaci\u00f3n<\/h3>\n<p>&nbsp;<\/p>\n<h6 style=\"text-align: center;\">Construimos Torres para telecomunicaciones. Las Torres ser\u00e1n dise\u00f1adas y fabricadas de acuerdo a los est\u00e1ndares de calidad ASTM Y ANSI\/EIA para este tipo de producto<\/h6>\n<\/div><\/div>[\/vc_column][vc_column width=&#8221;1\/4&#8243;]<div class=\" fh-icon-box-4 dark-version icon-center\" style=\"background-image: url()\"> <span class=\"fh-icon\"><i class=\"fa fa-houzz\"><\/i><\/span><div class=\"desc\"><h3 class=\"rototex\" style=\"text-align: center;\">Edificaciones Sector Industrial<\/h3>\n<p>&nbsp;<\/p>\n<h6 style=\"text-align: center;\">Construimos proyectos en el sector industrial: Bodegas, Instalaciones industriales, Silos, Plantas industriales, Parqueaderos.<\/h6>\n<\/div><\/div>[\/vc_column][\/vc_row][\/vc_section][vc_row][vc_column width=&#8221;1\/4&#8243;]<div class=\" fh-icon-box-4 dark-version icon-center\" style=\"background-image: url()\"> <span class=\"fh-icon\"><i class=\"fa fa-group\"><\/i><\/span><div class=\"desc\"><h3 class=\"rototex\" style=\"text-align: center;\">Puentes<\/h3>\n<p>&nbsp;<\/p>\n<h6 style=\"text-align: center;\">Especialistas en Estructuras A\u00e9reas. En concreto y m\u00e9talicos. Dise\u00f1amos bajo normas puentes de viga y de arco.<\/h6>\n<\/div><\/div>[\/vc_column][vc_column width=&#8221;1\/4&#8243;]<div class=\" fh-icon-box-4 dark-version icon-center\" style=\"background-image: url()\"> <span class=\"fh-icon\"><i class=\"fa fa-industry\"><\/i><\/span><div class=\"desc\"><h3 class=\"rototex\" style=\"text-align: center;\">Plantas de tratamiento<\/h3>\n<p>&nbsp;<\/p>\n<div id=\"wpv-column-35248ec4b53527903bcce582ce1a5557\" class=\"wpv-grid grid-1-4 wpv-first-level unextended animation-from-bottom animated-active no-extended-padding animation-ended\">\n<div class=\"linkarea clearfix accent5 background-transparent\" data-target=\"_self\">\n<div class=\"last\">\n<h6 style=\"text-align: center;\">Dise\u00f1o y Construcci\u00f3n de Plantas de Tratamiento de Aguas Residuales. C\u00e1lculos, desarrollo completo, Diagn\u00f3sticos, Sistemas biol\u00f3gicos.<\/h6>\n<\/div>\n<\/div>\n<\/div>\n<\/div><\/div>[\/vc_column][vc_column width=&#8221;1\/4&#8243;]<div class=\" fh-icon-box-4 dark-version icon-center\" style=\"background-image: url()\"> <span class=\"fh-icon\"><i class=\"fa fa-shopping-bag\"><\/i><\/span><div class=\"desc\"><div id=\"wpv-column-2ec44dade54d28cb495096a588d12e85\" class=\"wpv-grid grid-1-4 wpv-first-level unextended animation-from-bottom animated-active no-extended-padding animation-ended\">\n<div class=\"linkarea clearfix accent5 background-transparent\" data-target=\"_self\">\n<div class=\"last\">\n<h3 class=\"rototex\" style=\"text-align: center;\">Edificaciones Sector Comercial<\/h3>\n<h6 style=\"text-align: center;\">Dise\u00f1amos, planeamos y construimos instalaciones especificas de uso comercial. Locales comerciales, Show Rooms, Concesionarios.<\/h6>\n<\/div>\n<\/div>\n<\/div>\n<\/div><\/div>[\/vc_column][vc_column width=&#8221;1\/4&#8243;]<div class=\" fh-icon-box-4 dark-version icon-center\" style=\"background-image: url()\"> <span class=\"fh-icon\"><i class=\"fa fa-balance-scale\"><\/i><\/span><div class=\"desc\"><h3 class=\"rototex\" style=\"text-align: center;\">Oficinas<\/h3>\n<p>&nbsp;<\/p>\n<h6 style=\"text-align: center;\">Dise\u00f1amos y adecuamos su oficina. Expertos en adecuar los espacios de acuerdo a su gusto<\/h6>\n<\/div><\/div>[\/vc_column][\/vc_row]<\/p>\n<\/div>","protected":false},"excerpt":{"rendered":"<p>[vc_row][vc_column][vc_custom_heading text=&#8221;Somos confiables.&#8221; font_container=&#8221;tag:h2|text_align:center|color:%23000000&#8243; google_fonts=&#8221;font_family:Roboto%3A100%2C100italic%2C300%2C300italic%2Cregular%2Citalic%2C500%2C500italic%2C700%2C700italic%2C900%2C900italic|font_style:400%20regular%3A400%3Anormal&#8221; css=&#8221;&#8221;][vc_single_image image=&#8221;3263&#8243; img_size=&#8221;full&#8221; alignment=&#8221;center&#8221; css=&#8221;&#8221;][vc_custom_heading text=&#8221;BUTECHCO una compa\u00f1\u00eda que engloba un proyecto, concibe ideas y&hellip;<\/p>\n","protected":false},"author":1,"featured_media":0,"parent":0,"menu_order":0,"comment_status":"closed","ping_status":"closed","template":"","meta":{"footnotes":""},"class_list":["post-2967","page","type-page","status-publish","hentry","no-thumb"],"_links":{"self":[{"href":"https:\/\/butechco.co\/index.php\/wp-json\/wp\/v2\/pages\/2967"}],"collection":[{"href":"https:\/\/butechco.co\/index.php\/wp-json\/wp\/v2\/pages"}],"about":[{"href":"https:\/\/butechco.co\/index.php\/wp-json\/wp\/v2\/types\/page"}],"author":[{"embeddable":true,"href":"https:\/\/butechco.co\/index.php\/wp-json\/wp\/v2\/users\/1"}],"replies":[{"embeddable":true,"href":"https:\/\/butechco.co\/index.php\/wp-json\/wp\/v2\/comments?post=2967"}],"version-history":[{"count":31,"href":"https:\/\/butechco.co\/index.php\/wp-json\/wp\/v2\/pages\/2967\/revisions"}],"predecessor-version":[{"id":3344,"href":"https:\/\/butechco.co\/index.php\/wp-json\/wp\/v2\/pages\/2967\/revisions\/3344"}],"wp:attachment":[{"href":"https:\/\/butechco.co\/index.php\/wp-json\/wp\/v2\/media?parent=2967"}],"curies":[{"name":"wp","href":"https:\/\/api.w.org\/{rel}","templated":true}]}}